{"id":1038,"date":"2024-02-10T13:43:18","date_gmt":"2024-02-10T13:43:18","guid":{"rendered":"https:\/\/startersites.io\/elementor\/smile-dent\/?page_id=1038"},"modified":"2024-09-17T20:59:46","modified_gmt":"2024-09-17T23:59:46","slug":"contact","status":"publish","type":"page","link":"https:\/\/drluizgustavotorres.com.br\/pt\/contact\/","title":{"rendered":"Contact"},"content":{"rendered":"<div data-elementor-type=\"wp-page\" data-elementor-id=\"1038\" class=\"elementor elementor-1038\">\n\t\t\t\t<div class=\"elementor-element elementor-element-5db5617 e-flex e-con-boxed e-con e-parent\" data-id=\"5db5617\" data-element_type=\"container\">\n\t\t\t\t\t<div class=\"e-con-inner\">\n\t\t<div class=\"elementor-element elementor-element-c1009d3 e-flex e-con-boxed e-con e-child\" data-id=\"c1009d3\" data-element_type=\"container\" data-settings=\"{&quot;background_background&quot;:&quot;classic&quot;}\">\n\t\t\t\t\t<div class=\"e-con-inner\">\n\t\t<div class=\"elementor-element elementor-element-2392d8b e-con-full e-flex e-con e-child\" data-id=\"2392d8b\" data-element_type=\"container\">\n\t\t\t\t<div class=\"elementor-element elementor-element-f11461a elementor-widget elementor-widget-google_maps\" data-id=\"f11461a\" data-element_type=\"widget\" data-widget_type=\"google_maps.default\">\n\t\t\t\t<div class=\"elementor-widget-container\">\n\t\t\t<style>\/*! elementor - v3.21.0 - 26-05-2024 *\/\n.elementor-widget-google_maps .elementor-widget-container{overflow:hidden}.elementor-widget-google_maps .elementor-custom-embed{line-height:0}.elementor-widget-google_maps iframe{height:300px}<\/style>\t\t<div class=\"elementor-custom-embed\">\n\t\t\t<iframe loading=\"lazy\"\n\t\t\t\t\tsrc=\"https:\/\/maps.google.com\/maps?q=Rua%20Marqu%C3%AAs%20de%20S%C3%A3o%20Vicente%2052&#038;t=m&#038;z=16&#038;output=embed&#038;iwloc=near\"\n\t\t\t\t\ttitle=\"Rua Marqu\u00eas de S\u00e3o Vicente 52\"\n\t\t\t\t\taria-label=\"Rua Marqu\u00eas de S\u00e3o Vicente 52\"\n\t\t\t><\/iframe>\n\t\t<\/div>\n\t\t\t\t<\/div>\n\t\t\t\t<\/div>\n\t\t\t\t<\/div>\n\t\t<div class=\"elementor-element elementor-element-823523f e-flex e-con-boxed e-con e-child\" data-id=\"823523f\" data-element_type=\"container\">\n\t\t\t\t\t<div class=\"e-con-inner\">\n\t\t<div class=\"elementor-element elementor-element-d744995 e-con-full e-flex e-con e-child\" data-id=\"d744995\" data-element_type=\"container\">\n\t\t\t\t<div class=\"elementor-element elementor-element-1cec71b elementor-widget elementor-widget-heading\" data-id=\"1cec71b\" data-element_type=\"widget\" data-widget_type=\"heading.default\">\n\t\t\t\t<div class=\"elementor-widget-container\">\n\t\t\t<style>\/*! elementor - v3.21.0 - 26-05-2024 *\/\n.elementor-heading-title{padding:0;margin:0;line-height:1}.elementor-widget-heading .elementor-heading-title[class*=elementor-size-]>a{color:inherit;font-size:inherit;line-height:inherit}.elementor-widget-heading .elementor-heading-title.elementor-size-small{font-size:15px}.elementor-widget-heading .elementor-heading-title.elementor-size-medium{font-size:19px}.elementor-widget-heading .elementor-heading-title.elementor-size-large{font-size:29px}.elementor-widget-heading .elementor-heading-title.elementor-size-xl{font-size:39px}.elementor-widget-heading .elementor-heading-title.elementor-size-xxl{font-size:59px}<\/style><h2 class=\"elementor-heading-title elementor-size-default\">Consult\u00f3rio:<\/h2>\t\t<\/div>\n\t\t\t\t<\/div>\n\t\t\t\t<div class=\"elementor-element elementor-element-703eea2 elementor-widget elementor-widget-text-editor\" data-id=\"703eea2\" data-element_type=\"widget\" data-widget_type=\"text-editor.default\">\n\t\t\t\t<div class=\"elementor-widget-container\">\n\t\t\t<style>\/*! elementor - v3.21.0 - 26-05-2024 *\/\n.elementor-widget-text-editor.elementor-drop-cap-view-stacked .elementor-drop-cap{background-color:#69727d;color:#fff}.elementor-widget-text-editor.elementor-drop-cap-view-framed .elementor-drop-cap{color:#69727d;border:3px solid;background-color:transparent}.elementor-widget-text-editor:not(.elementor-drop-cap-view-default) .elementor-drop-cap{margin-top:8px}.elementor-widget-text-editor:not(.elementor-drop-cap-view-default) .elementor-drop-cap-letter{width:1em;height:1em}.elementor-widget-text-editor .elementor-drop-cap{float:left;text-align:center;line-height:1;font-size:50px}.elementor-widget-text-editor .elementor-drop-cap-letter{display:inline-block}<\/style>\t\t\t\t<pre>Rua Marqu\u00eas de S\u00e3o Vicente 52\/4\u00ba andar\nG\u00e1vea, Rio de Janeiro<\/pre>\t\t\t\t\t\t<\/div>\n\t\t\t\t<\/div>\n\t\t\t\t<\/div>\n\t\t<div class=\"elementor-element elementor-element-da22e72 e-flex e-con-boxed e-con e-child\" data-id=\"da22e72\" data-element_type=\"container\">\n\t\t\t\t\t<div class=\"e-con-inner\">\n\t\t\t\t<div class=\"elementor-element elementor-element-2ba41ba elementor-widget elementor-widget-heading\" data-id=\"2ba41ba\" data-element_type=\"widget\" data-widget_type=\"heading.default\">\n\t\t\t\t<div class=\"elementor-widget-container\">\n\t\t\t<h4 class=\"elementor-heading-title elementor-size-default\">Telefone para Agendamento<\/h4>\t\t<\/div>\n\t\t\t\t<\/div>\n\t\t\t\t<div class=\"elementor-element elementor-element-d52e1d9 elementor-widget elementor-widget-text-editor\" data-id=\"d52e1d9\" data-element_type=\"widget\" data-widget_type=\"text-editor.default\">\n\t\t\t\t<div class=\"elementor-widget-container\">\n\t\t\t\t\t\t\t<p><strong>3003-6424<\/strong><\/p>\t\t\t\t\t\t<\/div>\n\t\t\t\t<\/div>\n\t\t\t\t\t<\/div>\n\t\t\t\t<\/div>\n\t\t<div class=\"elementor-element elementor-element-416a8c1 e-flex e-con-boxed e-con e-child\" data-id=\"416a8c1\" data-element_type=\"container\">\n\t\t\t\t\t<div class=\"e-con-inner\">\n\t\t\t\t<div class=\"elementor-element elementor-element-10af9e2 elementor-widget elementor-widget-heading\" data-id=\"10af9e2\" data-element_type=\"widget\" data-widget_type=\"heading.default\">\n\t\t\t\t<div class=\"elementor-widget-container\">\n\t\t\t<h2 class=\"elementor-heading-title elementor-size-default\">e-mail para contato:<\/h2>\t\t<\/div>\n\t\t\t\t<\/div>\n\t\t\t\t<div class=\"elementor-element elementor-element-9fa10fb elementor-widget elementor-widget-text-editor\" data-id=\"9fa10fb\" data-element_type=\"widget\" data-widget_type=\"text-editor.default\">\n\t\t\t\t<div class=\"elementor-widget-container\">\n\t\t\t\t\t\t\t<h6><strong>torres.luizgustavo@gmail.com<\/strong><\/h6>\t\t\t\t\t\t<\/div>\n\t\t\t\t<\/div>\n\t\t\t\t\t<\/div>\n\t\t\t\t<\/div>\n\t\t\t\t\t<\/div>\n\t\t\t\t<\/div>\n\t\t\t\t\t<\/div>\n\t\t\t\t<\/div>\n\t\t\t\t\t<\/div>\n\t\t\t\t<\/div>\n\t\t<div class=\"elementor-element elementor-element-b96c4cb e-flex e-con-boxed e-con e-parent\" data-id=\"b96c4cb\" data-element_type=\"container\">\n\t\t\t\t\t<div class=\"e-con-inner\">\n\t\t<div class=\"elementor-element elementor-element-27b8dce e-con-full e-flex e-con e-child\" data-id=\"27b8dce\" data-element_type=\"container\">\n\t\t\t\t<div class=\"elementor-element elementor-element-e55f295 elementor-widget elementor-widget-heading\" data-id=\"e55f295\" data-element_type=\"widget\" data-widget_type=\"heading.default\">\n\t\t\t\t<div class=\"elementor-widget-container\">\n\t\t\t<h2 class=\"elementor-heading-title elementor-size-default\">Agende uma visita em nosso Consult\u00f3rio<\/h2>\t\t<\/div>\n\t\t\t\t<\/div>\n\t\t\t\t<div class=\"elementor-element elementor-element-3d8e80c elementor-widget elementor-widget-text-editor\" data-id=\"3d8e80c\" data-element_type=\"widget\" data-widget_type=\"text-editor.default\">\n\t\t\t\t<div class=\"elementor-widget-container\">\n\t\t\t\t\t\t\t<p>Cuide do que \u00e9 mais precioso: <strong>sua sa\u00fade<\/strong>. Agende sua consulta e comece hoje a transformar seu bem-estar<\/p>\t\t\t\t\t\t<\/div>\n\t\t\t\t<\/div>\n\t\t\t\t<div class=\"elementor-element elementor-element-56d7ddd fluentform-widget-submit-button-custom elementor-widget elementor-widget-fluent-form-widget\" data-id=\"56d7ddd\" data-element_type=\"widget\" data-widget_type=\"fluent-form-widget.default\">\n\t\t\t\t<div class=\"elementor-widget-container\">\n\t\t\t\n            <div class=\"fluentform-widget-wrapper fluentform-widget-align-default\">\n\n            \n            <div class='fluentform ff-default fluentform_wrapper_1 ffs_default_wrap'><form data-form_id=\"1\" id=\"fluentform_1\" class=\"frm-fluent-form fluent_form_1 ff-el-form-top ff_form_instance_1_1 ff-form-loading ffs_default\" data-form_instance=\"ff_form_instance_1_1\" method=\"POST\" action=\"\" ><fieldset  style=\"border: none!important;margin: 0!important;padding: 0!important;background-color: transparent!important;box-shadow: none!important;outline: none!important; min-inline-size: 100%;\">\n                    <legend class=\"ff_screen_reader_title\" style=\"display: block; margin: 0!important;padding: 0!important;height: 0!important;text-indent: -999999px;width: 0!important;overflow:hidden;\">Contact Form Demo<\/legend><input type='hidden' name='__fluent_form_embded_post_id' value='1038' \/><input type=\"hidden\" id=\"_fluentform_1_fluentformnonce\" name=\"_fluentform_1_fluentformnonce\" value=\"19cbfa8ae1\" \/><input type=\"hidden\" name=\"_wp_http_referer\" value=\"\/pt\/wp-json\/wp\/v2\/pages\/1038\" \/><div data-name=\"ff_cn_id_1\"  class='ff-t-container ff-column-container ff_columns_total_2'><div class='ff-t-cell ff-t-column-1' style='flex-basis: 50%;'><div class='ff-el-group'><div class=\"ff-el-input--label asterisk-right\"><label for='ff_1_input_text_1' aria-label=\"Seu Nome\">Seu Nome<\/label><\/div><div class='ff-el-input--content'><input type=\"text\" name=\"input_text_1\" class=\"ff-el-form-control\" data-name=\"input_text_1\" id=\"ff_1_input_text_1\"  aria-invalid=\"false\" aria-required=\"false\"><\/div><\/div><\/div><div class='ff-t-cell ff-t-column-2' style='flex-basis: 50%;'><div class='ff-el-group'><div class=\"ff-el-input--label ff-el-is-required asterisk-right\"><label for='ff_1_input_text' aria-label=\"Seu Telefone\">Seu Telefone<\/label><\/div><div class='ff-el-input--content'><input type=\"text\" name=\"input_text\" class=\"ff-el-form-control\" data-name=\"input_text\" id=\"ff_1_input_text\"  aria-invalid=\"false\" aria-required=\"true\"><\/div><\/div><\/div><\/div><div class='ff-el-group'><div class=\"ff-el-input--label asterisk-right\"><label for='ff_1_input_text_2' aria-label=\"Seu E-Mail\">Seu E-Mail<\/label><\/div><div class='ff-el-input--content'><input type=\"text\" name=\"input_text_2\" class=\"ff-el-form-control\" data-name=\"input_text_2\" id=\"ff_1_input_text_2\"  aria-invalid=\"false\" aria-required=\"false\"><\/div><\/div><div data-name=\"ff_cn_id_2\"  class='ff-t-container ff-column-container ff_columns_total_2'><div class='ff-t-cell ff-t-column-1' style='flex-basis: 50%;'><div class='ff-el-group'><div class=\"ff-el-input--label asterisk-right\"><label for='ff_1_datetime_1' aria-label=\"Date \/ Time\">Date \/ Time<\/label><\/div><div class='ff-el-input--content'><input data-type-datepicker data-format='d\/m\/Y' type=\"text\" name=\"datetime_1\" id=\"ff_1_datetime_1\" class=\"ff-el-form-control ff-el-datepicker\" data-name=\"datetime_1\"  aria-invalid='false' aria-required=\"false\"><\/div><\/div><\/div><div class='ff-t-cell ff-t-column-2' style='flex-basis: 50%;'><\/div><\/div><div class='ff-el-group'><div class=\"ff-el-input--label asterisk-right\"><label for='ff_1_message' aria-label=\"Envie sua Mensagem\">Envie sua Mensagem<\/label><\/div><div class='ff-el-input--content'><textarea aria-invalid=\"false\" aria-required=\"false\" name=\"message\" id=\"ff_1_message\" class=\"ff-el-form-control\" rows=\"4\" cols=\"2\" data-name=\"message\" ><\/textarea><\/div><\/div><div class='ff-el-group ff-text-left ff_submit_btn_wrapper'><button type=\"submit\" class=\"ff-btn ff-btn-submit ff-btn-md ff_btn_style\" >Envie sua Mensagem<\/button><\/div><\/fieldset><input type=\"hidden\" name=\"trp-form-language\" value=\"pt\"\/><\/form><div id='fluentform_1_errors' class='ff-errors-in-stack ff_form_instance_1_1 ff-form-loading_errors ff_form_instance_1_1_errors'><\/div><\/div>        <script type=\"text\/javascript\">\n            window.fluent_form_ff_form_instance_1_1 = {\"id\":\"1\",\"settings\":{\"layout\":{\"labelPlacement\":\"top\",\"helpMessagePlacement\":\"with_label\",\"errorMessagePlacement\":\"inline\",\"cssClassName\":\"\",\"asteriskPlacement\":\"asterisk-right\"},\"restrictions\":{\"denyEmptySubmission\":{\"enabled\":false}}},\"form_instance\":\"ff_form_instance_1_1\",\"form_id_selector\":\"fluentform_1\",\"rules\":{\"input_text_1\":{\"required\":{\"value\":false,\"message\":\"This field is required\",\"global_message\":\"This field is required\",\"global\":true}},\"input_text\":{\"required\":{\"value\":true,\"message\":\"This field is required\",\"global_message\":\"This field is required\",\"global\":true}},\"input_text_2\":{\"required\":{\"value\":false,\"message\":\"This field is required\",\"global_message\":\"This field is required\",\"global\":true}},\"datetime_1\":{\"required\":{\"value\":false,\"message\":\"This field is required\",\"global_message\":\"This field is required\",\"global\":true}},\"message\":{\"required\":{\"value\":false,\"message\":\"This field is required\",\"global\":false,\"global_message\":\"This field is required\"}}}};\n                    <\/script>\n                    <\/div>\n\n            \t\t<\/div>\n\t\t\t\t<\/div>\n\t\t\t\t<\/div>\n\t\t\t\t\t<\/div>\n\t\t\t\t<\/div>\n\t\t<div class=\"elementor-element elementor-element-f2b7eac e-flex e-con-boxed e-con e-parent\" data-id=\"f2b7eac\" data-element_type=\"container\" data-settings=\"{&quot;background_background&quot;:&quot;gradient&quot;}\">\n\t\t\t\t\t<div class=\"e-con-inner\">\n\t\t<div class=\"elementor-element elementor-element-215e581 e-flex e-con-boxed e-con e-child\" data-id=\"215e581\" data-element_type=\"container\" data-settings=\"{&quot;background_background&quot;:&quot;classic&quot;}\">\n\t\t\t\t\t<div class=\"e-con-inner\">\n\t\t<div class=\"elementor-element elementor-element-8ab219a e-con-full e-flex e-con e-child\" data-id=\"8ab219a\" data-element_type=\"container\">\n\t\t\t\t<div class=\"elementor-element elementor-element-7f12e40 elementor-widget elementor-widget-heading\" data-id=\"7f12e40\" data-element_type=\"widget\" data-widget_type=\"heading.default\">\n\t\t\t\t<div class=\"elementor-widget-container\">\n\t\t\t<h3 class=\"elementor-heading-title elementor-size-default\">Subscreva novas publica\u00e7\u00f5es no site<\/h3>\t\t<\/div>\n\t\t\t\t<\/div>\n\t\t\t\t<div class=\"elementor-element elementor-element-0d84640 elementor-widget elementor-widget-text-editor\" data-id=\"0d84640\" data-element_type=\"widget\" data-widget_type=\"text-editor.default\">\n\t\t\t\t<div class=\"elementor-widget-container\">\n\t\t\t\t\t\t\t<p>N\u00e3o perca nenhuma novidade! Assine nossa lista de not\u00edcias e fique por dentro de tudo em primeira m\u00e3o.<\/p>\t\t\t\t\t\t<\/div>\n\t\t\t\t<\/div>\n\t\t\t\t<\/div>\n\t\t<div class=\"elementor-element elementor-element-578f3d1 e-con-full e-flex e-con e-child\" data-id=\"578f3d1\" data-element_type=\"container\" data-settings=\"{&quot;background_background&quot;:&quot;classic&quot;}\">\n\t\t\t\t<div class=\"elementor-element elementor-element-d048497 elementor-widget__width-inherit elementor-widget elementor-widget-shortcode\" data-id=\"d048497\" data-element_type=\"widget\" data-widget_type=\"shortcode.default\">\n\t\t\t\t<div class=\"elementor-widget-container\">\n\t\t\t\t\t<div class=\"elementor-shortcode\">\n\t<div class=\"ct-newsletter-subscribe-shortcode\">\n\t\t\n\t\t\n\t\t<form target=\"_blank\" action=\"#\" method=\"post\"\n\t\t\tdata-provider=\"demo:demolist\"\n\t\t\tclass=\"ct-newsletter-subscribe-form\" data-trp-original-action=\"#\"\n\t\t\t>\n\n\t\t\t<div class=\"ct-newsletter-subscribe-form-elements\" data-columns=\"2\">\n\t\t\t\t\n\t\t\t\t<input type=\"email\" name=\"EMAIL\" placeholder=\"Seu e-mail *\" aria-label=\"Email address\" required>\n\n\t\t\t\t<button class=\"wp-element-button\">\n\t\t\t\t\tAssinar\t\t\t\t<\/button>\n\t\t\t<\/div>\n\n\t\t\t\n\t\t\t<div class=\"ct-newsletter-subscribe-message\"><\/div>\n\t\t<input type=\"hidden\" name=\"trp-form-language\" value=\"pt\"\/><\/form>\n\n\t<\/div>\n\n\t<\/div>\n\t\t\t\t<\/div>\n\t\t\t\t<\/div>\n\t\t\t\t<\/div>\n\t\t\t\t\t<\/div>\n\t\t\t\t<\/div>\n\t\t\t\t\t<\/div>\n\t\t\t\t<\/div>\n\t\t\t\t<\/div>","protected":false},"excerpt":{"rendered":"<p>Consult\u00f3rio: Rua Marqu\u00eas de S\u00e3o Vicente 52\/4\u00ba andar G\u00e1vea, Rio de Janeiro Telefone para Agendamento 3003-6424 e-mail para contato: torres.luizgustavo@gmail.com Agende uma visita em nosso Consult\u00f3rio Cuide do que \u00e9 mais precioso: sua sa\u00fade. Agende sua consulta e comece hoje a transformar seu bem-estar Contact Form Demo Seu NomeSeu TelefoneSeu E-MailDate \/ TimeEnvie sua MensagemEnvie [&hellip;]<\/p>","protected":false},"author":1,"featured_media":0,"parent":0,"menu_order":0,"comment_status":"closed","ping_status":"closed","template":"","meta":{"_monsterinsights_skip_tracking":false,"_monsterinsights_sitenote_active":false,"_monsterinsights_sitenote_note":"","_monsterinsights_sitenote_category":0,"cybocfi_hide_featured_image":"","footnotes":""},"blocksy_meta":{"has_hero_section":"disabled","vertical_spacing_source":"custom","content_area_spacing":"none","styles_descriptor":{"styles":{"desktop":"","tablet":"","mobile":""},"google_fonts":[],"version":6}},"aioseo_notices":[],"_links":{"self":[{"href":"https:\/\/drluizgustavotorres.com.br\/pt\/wp-json\/wp\/v2\/pages\/1038"}],"collection":[{"href":"https:\/\/drluizgustavotorres.com.br\/pt\/wp-json\/wp\/v2\/pages"}],"about":[{"href":"https:\/\/drluizgustavotorres.com.br\/pt\/wp-json\/wp\/v2\/types\/page"}],"author":[{"embeddable":true,"href":"https:\/\/drluizgustavotorres.com.br\/pt\/wp-json\/wp\/v2\/users\/1"}],"replies":[{"embeddable":true,"href":"https:\/\/drluizgustavotorres.com.br\/pt\/wp-json\/wp\/v2\/comments?post=1038"}],"version-history":[{"count":24,"href":"https:\/\/drluizgustavotorres.com.br\/pt\/wp-json\/wp\/v2\/pages\/1038\/revisions"}],"predecessor-version":[{"id":3483,"href":"https:\/\/drluizgustavotorres.com.br\/pt\/wp-json\/wp\/v2\/pages\/1038\/revisions\/3483"}],"wp:attachment":[{"href":"https:\/\/drluizgustavotorres.com.br\/pt\/wp-json\/wp\/v2\/media?parent=1038"}],"curies":[{"name":"wp","href":"https:\/\/api.w.org\/{rel}","templated":true}]}}