{"id":1686,"date":"2024-08-13T18:38:44","date_gmt":"2024-08-13T21:38:44","guid":{"rendered":"https:\/\/drluizgustavotorres.com.br\/?page_id=1686"},"modified":"2024-08-16T23:13:57","modified_gmt":"2024-08-17T02:13:57","slug":"esses-sao-os-principais-tipos-de-cancer","status":"publish","type":"page","link":"https:\/\/drluizgustavotorres.com.br\/pt\/esses-sao-os-principais-tipos-de-cancer\/","title":{"rendered":"Esses s\u00e3o os principais tipos de Cancer"},"content":{"rendered":"<div data-elementor-type=\"wp-page\" data-elementor-id=\"1686\" class=\"elementor elementor-1686\">\n\t\t\t\t<div class=\"elementor-element elementor-element-8513d5f e-flex e-con-boxed e-con e-parent\" data-id=\"8513d5f\" data-element_type=\"container\">\n\t\t\t\t\t<div class=\"e-con-inner\">\n\t\t\t\t<div class=\"elementor-element elementor-element-9aa1e82 elementor-widget elementor-widget-image\" data-id=\"9aa1e82\" data-element_type=\"widget\" data-widget_type=\"image.default\">\n\t\t\t\t<div class=\"elementor-widget-container\">\n\t\t\t<style>\/*! elementor - v3.21.0 - 26-05-2024 *\/\n.elementor-widget-image{text-align:center}.elementor-widget-image a{display:inline-block}.elementor-widget-image a img[src$=\".svg\"]{width:48px}.elementor-widget-image img{vertical-align:middle;display:inline-block}<\/style>\t\t\t\t\t\t\t\t\t\t<img fetchpriority=\"high\" decoding=\"async\" width=\"1024\" height=\"488\" src=\"https:\/\/drluizgustavotorres.com.br\/wp-content\/uploads\/2024\/08\/Fita-simbolo-prevenao-cancer-1024x488.webp\" class=\"attachment-large size-large wp-image-2337\" alt=\"\" srcset=\"https:\/\/drluizgustavotorres.com.br\/wp-content\/uploads\/2024\/08\/Fita-simbolo-prevenao-cancer-1024x488.webp 1024w, https:\/\/drluizgustavotorres.com.br\/wp-content\/uploads\/2024\/08\/Fita-simbolo-prevenao-cancer-300x143.webp 300w, https:\/\/drluizgustavotorres.com.br\/wp-content\/uploads\/2024\/08\/Fita-simbolo-prevenao-cancer-768x366.webp 768w, https:\/\/drluizgustavotorres.com.br\/wp-content\/uploads\/2024\/08\/Fita-simbolo-prevenao-cancer-18x9.webp 18w, https:\/\/drluizgustavotorres.com.br\/wp-content\/uploads\/2024\/08\/Fita-simbolo-prevenao-cancer.webp 1064w\" sizes=\"(max-width: 1024px) 100vw, 1024px\" \/>\t\t\t\t\t\t\t\t\t\t\t\t\t<\/div>\n\t\t\t\t<\/div>\n\t\t\t\t\t<\/div>\n\t\t\t\t<\/div>\n\t\t<div class=\"elementor-element elementor-element-b20041c e-flex e-con-boxed e-con e-parent\" data-id=\"b20041c\" data-element_type=\"container\">\n\t\t\t\t\t<div class=\"e-con-inner\">\n\t\t\t\t<div class=\"elementor-element elementor-element-f643c59 elementor-widget elementor-widget-heading\" data-id=\"f643c59\" data-element_type=\"widget\" data-widget_type=\"heading.default\">\n\t\t\t\t<div class=\"elementor-widget-container\">\n\t\t\t<style>\/*! elementor - v3.21.0 - 26-05-2024 *\/\n.elementor-heading-title{padding:0;margin:0;line-height:1}.elementor-widget-heading .elementor-heading-title[class*=elementor-size-]>a{color:inherit;font-size:inherit;line-height:inherit}.elementor-widget-heading .elementor-heading-title.elementor-size-small{font-size:15px}.elementor-widget-heading .elementor-heading-title.elementor-size-medium{font-size:19px}.elementor-widget-heading .elementor-heading-title.elementor-size-large{font-size:29px}.elementor-widget-heading .elementor-heading-title.elementor-size-xl{font-size:39px}.elementor-widget-heading .elementor-heading-title.elementor-size-xxl{font-size:59px}<\/style><h2 class=\"elementor-heading-title elementor-size-default\">Esses s\u00e3o os principais tipos de c\u00e2ncer<\/h2>\t\t<\/div>\n\t\t\t\t<\/div>\n\t\t\t\t<div class=\"elementor-element elementor-element-01950be elementor-widget elementor-widget-spacer\" data-id=\"01950be\" data-element_type=\"widget\" data-widget_type=\"spacer.default\">\n\t\t\t\t<div class=\"elementor-widget-container\">\n\t\t\t<style>\/*! elementor - v3.21.0 - 26-05-2024 *\/\n.elementor-column .elementor-spacer-inner{height:var(--spacer-size)}.e-con{--container-widget-width:100%}.e-con-inner>.elementor-widget-spacer,.e-con>.elementor-widget-spacer{width:var(--container-widget-width,var(--spacer-size));--align-self:var(--container-widget-align-self,initial);--flex-shrink:0}.e-con-inner>.elementor-widget-spacer>.elementor-widget-container,.e-con>.elementor-widget-spacer>.elementor-widget-container{height:100%;width:100%}.e-con-inner>.elementor-widget-spacer>.elementor-widget-container>.elementor-spacer,.e-con>.elementor-widget-spacer>.elementor-widget-container>.elementor-spacer{height:100%}.e-con-inner>.elementor-widget-spacer>.elementor-widget-container>.elementor-spacer>.elementor-spacer-inner,.e-con>.elementor-widget-spacer>.elementor-widget-container>.elementor-spacer>.elementor-spacer-inner{height:var(--container-widget-height,var(--spacer-size))}.e-con-inner>.elementor-widget-spacer.elementor-widget-empty,.e-con>.elementor-widget-spacer.elementor-widget-empty{position:relative;min-height:22px;min-width:22px}.e-con-inner>.elementor-widget-spacer.elementor-widget-empty .elementor-widget-empty-icon,.e-con>.elementor-widget-spacer.elementor-widget-empty .elementor-widget-empty-icon{position:absolute;top:0;bottom:0;left:0;right:0;margin:auto;padding:0;width:22px;height:22px}<\/style>\t\t<div class=\"elementor-spacer\">\n\t\t\t<div class=\"elementor-spacer-inner\"><\/div>\n\t\t<\/div>\n\t\t\t\t<\/div>\n\t\t\t\t<\/div>\n\t\t\t\t\t<\/div>\n\t\t\t\t<\/div>\n\t\t<div class=\"elementor-element elementor-element-35ddc85 e-flex e-con-boxed e-con e-parent\" data-id=\"35ddc85\" data-element_type=\"container\">\n\t\t\t\t\t<div class=\"e-con-inner\">\n\t\t\t\t<div class=\"elementor-element elementor-element-e2889b9 elementor-widget elementor-widget-text-editor\" data-id=\"e2889b9\" data-element_type=\"widget\" data-widget_type=\"text-editor.default\">\n\t\t\t\t<div class=\"elementor-widget-container\">\n\t\t\t<style>\/*! elementor - v3.21.0 - 26-05-2024 *\/\n.elementor-widget-text-editor.elementor-drop-cap-view-stacked .elementor-drop-cap{background-color:#69727d;color:#fff}.elementor-widget-text-editor.elementor-drop-cap-view-framed .elementor-drop-cap{color:#69727d;border:3px solid;background-color:transparent}.elementor-widget-text-editor:not(.elementor-drop-cap-view-default) .elementor-drop-cap{margin-top:8px}.elementor-widget-text-editor:not(.elementor-drop-cap-view-default) .elementor-drop-cap-letter{width:1em;height:1em}.elementor-widget-text-editor .elementor-drop-cap{float:left;text-align:center;line-height:1;font-size:50px}.elementor-widget-text-editor .elementor-drop-cap-letter{display:inline-block}<\/style>\t\t\t\t<ul><li>C\u00e2ncer de Mama:<br \/>&#8211; Caracter\u00edsticas: Forma\u00e7\u00e3o de n\u00f3dulos no seio, altera\u00e7\u00f5es na pele ou no formato da mama, secre\u00e7\u00e3o anormal do mamilo. \u00c9 o tipo de c\u00e2ncer mais comum entre as mulheres, mas pode ocorrer em homens.<\/li><li>C\u00e2ncer de Pr\u00f3stata:<br \/>&#8211; Caracter\u00edsticas: Geralmente assintom\u00e1tico nos est\u00e1gios iniciais, pode causar dificuldade para urinar, dor ao ejacular e presen\u00e7a de sangue na urina. \u00c9 comum em homens, especialmente ap\u00f3s os 50 anos.<\/li><li>C\u00e2ncer de Pulm\u00e3o:<br \/>&#8211; Caracter\u00edsticas: Tosse persistente, falta de ar, dor no peito, rouquid\u00e3o e perda de peso. \u00c9 o c\u00e2ncer mais letal e est\u00e1 fortemente associado ao tabagismo.<\/li><li>C\u00e2ncer de C\u00f3lon e Reto (Colorretal):<br \/>&#8211; Caracter\u00edsticas: Altera\u00e7\u00f5es no h\u00e1bito intestinal, presen\u00e7a de sangue nas fezes, dor abdominal e perda de peso. A detec\u00e7\u00e3o precoce atrav\u00e9s de colonoscopias aumenta as chances de cura.<\/li><li>C\u00e2ncer de Pele (Melanoma e N\u00e3o Melanoma):<br \/>&#8211; Caracter\u00edsticas: Melanoma se manifesta como manchas ou pintas que mudam de cor, tamanho ou forma. N\u00e3o melanoma aparece como les\u00f5es na pele que n\u00e3o cicatrizam. A exposi\u00e7\u00e3o ao sol \u00e9 um fator de risco importante.<\/li><li>C\u00e2ncer de Est\u00f4mago:<br \/>&#8211; Caracter\u00edsticas: Dificuldade para engolir, dor abdominal, n\u00e1useas, v\u00f4mitos e perda de peso. Est\u00e1 associado a infec\u00e7\u00f5es por H. pylori, dieta rica em alimentos processados e sal.<\/li><li>C\u00e2ncer de F\u00edgado:<br \/>&#8211; Caracter\u00edsticas: Dor no abd\u00f4men superior, icter\u00edcia (pele amarelada), incha\u00e7o abdominal e perda de peso. Est\u00e1 relacionado a cirrose hep\u00e1tica e infec\u00e7\u00f5es por hepatite B e C.<\/li><li>C\u00e2ncer de P\u00e2ncreas:<br \/>&#8211; Caracter\u00edsticas: Dor abdominal que se irradia para as costas, perda de peso, icter\u00edcia e diabetes de in\u00edcio recente. \u00c9 um dos c\u00e2nceres com pior progn\u00f3stico devido \u00e0 detec\u00e7\u00e3o tardia.<\/li><li>C\u00e2ncer de Ov\u00e1rio:<br \/>&#8211; Caracter\u00edsticas: Incha\u00e7o abdominal, dor p\u00e9lvica, sensa\u00e7\u00e3o de saciedade r\u00e1pida e altera\u00e7\u00f5es no h\u00e1bito urin\u00e1rio. Muitas vezes diagnosticado em est\u00e1gio avan\u00e7ado.<\/li><li>Leucemia:<br \/>&#8211; Caracter\u00edsticas: Fadiga, febre, infec\u00e7\u00f5es frequentes, sangramentos e hematomas f\u00e1ceis. \u00c9 um tipo de c\u00e2ncer que afeta o sangue e a medula \u00f3ssea, sendo mais comum em crian\u00e7as e idosos.<\/li><li>C\u00e2ncer de Es\u00f4fago:<br \/>&#8211; Caracter\u00edsticas: Dificuldade para engolir, perda de peso, dor no peito, e rouquid\u00e3o. Est\u00e1 associado ao consumo de \u00e1lcool, tabagismo e refluxo gastroesof\u00e1gico.<\/li><li>C\u00e2ncer de Rim:<br \/>&#8211; Caracter\u00edsticas: Sangue na urina, dor no lado ou nas costas, perda de peso e febre. Fatores de risco incluem tabagismo e press\u00e3o alta.<\/li><li>Linfoma:<br \/>&#8211; Caracter\u00edsticas: Incha\u00e7o indolor dos g\u00e2nglios linf\u00e1ticos, febre, suor noturno e perda de peso. Afeta o sistema linf\u00e1tico, incluindo linfomas de Hodgkin e n\u00e3o-Hodgkin.<\/li><li>C\u00e2ncer de Boca:<br \/>&#8211; Caracter\u00edsticas: Les\u00f5es ou feridas na boca que n\u00e3o cicatrizam, manchas brancas ou vermelhas na gengiva, l\u00edngua ou mucosa, e dificuldade para mastigar ou engolir. Associado ao uso de tabaco e \u00e1lcool.<\/li><li>C\u00e2ncer de Bexiga:<br \/>&#8211; Caracter\u00edsticas: Sangue na urina, dor ao urinar e necessidade frequente de urinar. Est\u00e1 associado ao tabagismo e exposi\u00e7\u00e3o a produtos qu\u00edmicos industriais.<\/li><\/ul>\t\t\t\t\t\t<\/div>\n\t\t\t\t<\/div>\n\t\t\t\t\t<\/div>\n\t\t\t\t<\/div>\n\t\t\t\t<\/div>","protected":false},"excerpt":{"rendered":"<p>Esses s\u00e3o os principais tipos de c\u00e2ncer C\u00e2ncer de Mama:&#8211; Caracter\u00edsticas: Forma\u00e7\u00e3o de n\u00f3dulos no seio, altera\u00e7\u00f5es na pele ou no formato da mama, secre\u00e7\u00e3o anormal do mamilo. \u00c9 o tipo de c\u00e2ncer mais comum entre as mulheres, mas pode ocorrer em homens. C\u00e2ncer de Pr\u00f3stata:&#8211; Caracter\u00edsticas: Geralmente assintom\u00e1tico nos est\u00e1gios iniciais, pode causar dificuldade [&hellip;]<\/p>","protected":false},"author":2,"featured_media":0,"parent":0,"menu_order":0,"comment_status":"closed","ping_status":"closed","template":"elementor_header_footer","meta":{"_monsterinsights_skip_tracking":false,"_monsterinsights_sitenote_active":false,"_monsterinsights_sitenote_note":"","_monsterinsights_sitenote_category":0,"cybocfi_hide_featured_image":"","footnotes":""},"blocksy_meta":[],"aioseo_notices":[],"_links":{"self":[{"href":"https:\/\/drluizgustavotorres.com.br\/pt\/wp-json\/wp\/v2\/pages\/1686"}],"collection":[{"href":"https:\/\/drluizgustavotorres.com.br\/pt\/wp-json\/wp\/v2\/pages"}],"about":[{"href":"https:\/\/drluizgustavotorres.com.br\/pt\/wp-json\/wp\/v2\/types\/page"}],"author":[{"embeddable":true,"href":"https:\/\/drluizgustavotorres.com.br\/pt\/wp-json\/wp\/v2\/users\/2"}],"replies":[{"embeddable":true,"href":"https:\/\/drluizgustavotorres.com.br\/pt\/wp-json\/wp\/v2\/comments?post=1686"}],"version-history":[{"count":29,"href":"https:\/\/drluizgustavotorres.com.br\/pt\/wp-json\/wp\/v2\/pages\/1686\/revisions"}],"predecessor-version":[{"id":2347,"href":"https:\/\/drluizgustavotorres.com.br\/pt\/wp-json\/wp\/v2\/pages\/1686\/revisions\/2347"}],"wp:attachment":[{"href":"https:\/\/drluizgustavotorres.com.br\/pt\/wp-json\/wp\/v2\/media?parent=1686"}],"curies":[{"name":"wp","href":"https:\/\/api.w.org\/{rel}","templated":true}]}}