{"id":1705,"date":"2024-08-13T19:06:14","date_gmt":"2024-08-13T22:06:14","guid":{"rendered":"https:\/\/drluizgustavotorres.com.br\/?page_id=1705"},"modified":"2024-08-23T13:11:51","modified_gmt":"2024-08-23T16:11:51","slug":"quimioterapia","status":"publish","type":"page","link":"https:\/\/drluizgustavotorres.com.br\/pt\/quimioterapia\/","title":{"rendered":"Quimioterapia"},"content":{"rendered":"<div data-elementor-type=\"wp-page\" data-elementor-id=\"1705\" class=\"elementor elementor-1705\">\n\t\t\t\t<div class=\"elementor-element elementor-element-2326c66 e-flex e-con-boxed e-con e-parent\" data-id=\"2326c66\" data-element_type=\"container\">\n\t\t\t\t\t<div class=\"e-con-inner\">\n\t\t\t\t<div class=\"elementor-element elementor-element-7882c5a elementor-widget elementor-widget-image\" data-id=\"7882c5a\" data-element_type=\"widget\" data-widget_type=\"image.default\">\n\t\t\t\t<div class=\"elementor-widget-container\">\n\t\t\t<style>\/*! elementor - v3.21.0 - 26-05-2024 *\/\n.elementor-widget-image{text-align:center}.elementor-widget-image a{display:inline-block}.elementor-widget-image a img[src$=\".svg\"]{width:48px}.elementor-widget-image img{vertical-align:middle;display:inline-block}<\/style>\t\t\t\t\t\t\t\t\t\t<img fetchpriority=\"high\" decoding=\"async\" width=\"768\" height=\"497\" src=\"https:\/\/drluizgustavotorres.com.br\/wp-content\/uploads\/2024\/08\/quimioterapia-2-768x497.webp\" class=\"attachment-medium_large size-medium_large wp-image-2367\" alt=\"\" srcset=\"https:\/\/drluizgustavotorres.com.br\/wp-content\/uploads\/2024\/08\/quimioterapia-2-768x497.webp 768w, https:\/\/drluizgustavotorres.com.br\/wp-content\/uploads\/2024\/08\/quimioterapia-2-300x194.webp 300w, https:\/\/drluizgustavotorres.com.br\/wp-content\/uploads\/2024\/08\/quimioterapia-2-1024x663.webp 1024w, https:\/\/drluizgustavotorres.com.br\/wp-content\/uploads\/2024\/08\/quimioterapia-2-18x12.webp 18w, https:\/\/drluizgustavotorres.com.br\/wp-content\/uploads\/2024\/08\/quimioterapia-2.webp 1081w\" sizes=\"(max-width: 768px) 100vw, 768px\" \/>\t\t\t\t\t\t\t\t\t\t\t\t\t<\/div>\n\t\t\t\t<\/div>\n\t\t\t\t\t<\/div>\n\t\t\t\t<\/div>\n\t\t<div class=\"elementor-element elementor-element-d0cd275 e-flex e-con-boxed e-con e-parent\" data-id=\"d0cd275\" data-element_type=\"container\">\n\t\t\t\t\t<div class=\"e-con-inner\">\n\t\t\t\t<div class=\"elementor-element elementor-element-9b690b4 elementor-widget elementor-widget-heading\" data-id=\"9b690b4\" data-element_type=\"widget\" data-widget_type=\"heading.default\">\n\t\t\t\t<div class=\"elementor-widget-container\">\n\t\t\t<style>\/*! elementor - v3.21.0 - 26-05-2024 *\/\n.elementor-heading-title{padding:0;margin:0;line-height:1}.elementor-widget-heading .elementor-heading-title[class*=elementor-size-]>a{color:inherit;font-size:inherit;line-height:inherit}.elementor-widget-heading .elementor-heading-title.elementor-size-small{font-size:15px}.elementor-widget-heading .elementor-heading-title.elementor-size-medium{font-size:19px}.elementor-widget-heading .elementor-heading-title.elementor-size-large{font-size:29px}.elementor-widget-heading .elementor-heading-title.elementor-size-xl{font-size:39px}.elementor-widget-heading .elementor-heading-title.elementor-size-xxl{font-size:59px}<\/style><h2 class=\"elementor-heading-title elementor-size-default\">Quimioterapia<\/h2>\t\t<\/div>\n\t\t\t\t<\/div>\n\t\t\t\t\t<\/div>\n\t\t\t\t<\/div>\n\t\t<div class=\"elementor-element elementor-element-8f725a5 e-flex e-con-boxed e-con e-parent\" data-id=\"8f725a5\" data-element_type=\"container\">\n\t\t\t\t\t<div class=\"e-con-inner\">\n\t\t\t\t<div class=\"elementor-element elementor-element-f9c7aed elementor-widget elementor-widget-text-editor\" data-id=\"f9c7aed\" data-element_type=\"widget\" data-widget_type=\"text-editor.default\">\n\t\t\t\t<div class=\"elementor-widget-container\">\n\t\t\t<style>\/*! elementor - v3.21.0 - 26-05-2024 *\/\n.elementor-widget-text-editor.elementor-drop-cap-view-stacked .elementor-drop-cap{background-color:#69727d;color:#fff}.elementor-widget-text-editor.elementor-drop-cap-view-framed .elementor-drop-cap{color:#69727d;border:3px solid;background-color:transparent}.elementor-widget-text-editor:not(.elementor-drop-cap-view-default) .elementor-drop-cap{margin-top:8px}.elementor-widget-text-editor:not(.elementor-drop-cap-view-default) .elementor-drop-cap-letter{width:1em;height:1em}.elementor-widget-text-editor .elementor-drop-cap{float:left;text-align:center;line-height:1;font-size:50px}.elementor-widget-text-editor .elementor-drop-cap-letter{display:inline-block}<\/style>\t\t\t\t<p>A quimioterapia \u00e9 uma forma de tratamento do c\u00e2ncer que utiliza medicamentos para destruir c\u00e9lulas cancer\u00edgenas ou impedir seu crescimento e multiplica\u00e7\u00e3o. Esses medicamentos podem ser administrados por via oral, intravenosa ou, em alguns casos, por inje\u00e7\u00f5es. O principal objetivo da quimioterapia \u00e9 eliminar c\u00e9lulas cancer\u00edgenas que podem estar presentes em todo o corpo, especialmente em casos onde o c\u00e2ncer se espalhou al\u00e9m do local inicial. A quimioterapia pode ser utilizada sozinha ou em combina\u00e7\u00e3o com outros tratamentos, como cirurgia e radioterapia, dependendo do tipo e est\u00e1gio do c\u00e2ncer.<\/p><p>Uma das caracter\u00edsticas distintivas da quimioterapia \u00e9 que, embora seja eficaz na destrui\u00e7\u00e3o de c\u00e9lulas cancer\u00edgenas, ela tamb\u00e9m pode afetar c\u00e9lulas saud\u00e1veis que se dividem rapidamente, como as da medula \u00f3ssea, cabelo e trato gastrointestinal. Isso pode levar a efeitos colaterais, como perda de cabelo, n\u00e1useas, fadiga, e altera\u00e7\u00f5es na contagem sangu\u00ednea, o que pode aumentar o risco de infec\u00e7\u00f5es e anemia. A intensidade e a gravidade dos efeitos colaterais variam dependendo do tipo de medicamento utilizado e da resposta individual do paciente.<\/p><p>Os tratamentos de quimioterapia s\u00e3o geralmente administrados em ciclos, que incluem per\u00edodos de tratamento seguidos por per\u00edodos de descanso para permitir que o corpo se recupere dos efeitos dos medicamentos. O planejamento e a dura\u00e7\u00e3o do tratamento s\u00e3o cuidadosamente ajustados pelo oncologista com base na resposta do paciente e nos efeitos colaterais experimentados. Os avan\u00e7os na quimioterapia t\u00eam permitido o desenvolvimento de medicamentos mais direcionados e menos t\u00f3xicos, que t\u00eam como objetivo reduzir os efeitos colaterais e melhorar a efic\u00e1cia do tratamento.<\/p><p>Al\u00e9m de tratar o c\u00e2ncer, a quimioterapia pode tamb\u00e9m ser usada em situa\u00e7\u00f5es de neoadjuv\u00e2ncia, para reduzir o tamanho dos tumores antes da cirurgia, e como adjuv\u00e2ncia, para eliminar poss\u00edveis c\u00e9lulas cancer\u00edgenas remanescentes ap\u00f3s a cirurgia. A decis\u00e3o sobre a utiliza\u00e7\u00e3o da quimioterapia e a escolha dos medicamentos s\u00e3o baseadas em uma avalia\u00e7\u00e3o detalhada do tipo espec\u00edfico de c\u00e2ncer, seu est\u00e1gio, e as condi\u00e7\u00f5es de sa\u00fade gerais do paciente. A quimioterapia representa uma parte crucial no arsenal de tratamento contra o c\u00e2ncer, e sua administra\u00e7\u00e3o \u00e9 feita com o objetivo de maximizar a efic\u00e1cia enquanto se minimizam os impactos negativos sobre a qualidade de vida do paciente.<\/p>\t\t\t\t\t\t<\/div>\n\t\t\t\t<\/div>\n\t\t\t\t\t<\/div>\n\t\t\t\t<\/div>\n\t\t\t\t<\/div>","protected":false},"excerpt":{"rendered":"<p>Quimioterapia A quimioterapia \u00e9 uma forma de tratamento do c\u00e2ncer que utiliza medicamentos para destruir c\u00e9lulas cancer\u00edgenas ou impedir seu crescimento e multiplica\u00e7\u00e3o. Esses medicamentos podem ser administrados por via oral, intravenosa ou, em alguns casos, por inje\u00e7\u00f5es. O principal objetivo da quimioterapia \u00e9 eliminar c\u00e9lulas cancer\u00edgenas que podem estar presentes em todo o corpo, [&hellip;]<\/p>","protected":false},"author":2,"featured_media":0,"parent":0,"menu_order":0,"comment_status":"open","ping_status":"closed","template":"elementor_header_footer","meta":{"_monsterinsights_skip_tracking":false,"_monsterinsights_sitenote_active":false,"_monsterinsights_sitenote_note":"","_monsterinsights_sitenote_category":0,"cybocfi_hide_featured_image":"","footnotes":""},"blocksy_meta":[],"aioseo_notices":[],"_links":{"self":[{"href":"https:\/\/drluizgustavotorres.com.br\/pt\/wp-json\/wp\/v2\/pages\/1705"}],"collection":[{"href":"https:\/\/drluizgustavotorres.com.br\/pt\/wp-json\/wp\/v2\/pages"}],"about":[{"href":"https:\/\/drluizgustavotorres.com.br\/pt\/wp-json\/wp\/v2\/types\/page"}],"author":[{"embeddable":true,"href":"https:\/\/drluizgustavotorres.com.br\/pt\/wp-json\/wp\/v2\/users\/2"}],"replies":[{"embeddable":true,"href":"https:\/\/drluizgustavotorres.com.br\/pt\/wp-json\/wp\/v2\/comments?post=1705"}],"version-history":[{"count":16,"href":"https:\/\/drluizgustavotorres.com.br\/pt\/wp-json\/wp\/v2\/pages\/1705\/revisions"}],"predecessor-version":[{"id":3242,"href":"https:\/\/drluizgustavotorres.com.br\/pt\/wp-json\/wp\/v2\/pages\/1705\/revisions\/3242"}],"wp:attachment":[{"href":"https:\/\/drluizgustavotorres.com.br\/pt\/wp-json\/wp\/v2\/media?parent=1705"}],"curies":[{"name":"wp","href":"https:\/\/api.w.org\/{rel}","templated":true}]}}