{"id":1707,"date":"2024-08-13T19:06:44","date_gmt":"2024-08-13T22:06:44","guid":{"rendered":"https:\/\/drluizgustavotorres.com.br\/?page_id=1707"},"modified":"2024-08-23T13:12:47","modified_gmt":"2024-08-23T16:12:47","slug":"radioterapia","status":"publish","type":"page","link":"https:\/\/drluizgustavotorres.com.br\/pt\/radioterapia\/","title":{"rendered":"Radioterapia"},"content":{"rendered":"<div data-elementor-type=\"wp-page\" data-elementor-id=\"1707\" class=\"elementor elementor-1707\">\n\t\t\t\t<div class=\"elementor-element elementor-element-f025ebe e-flex e-con-boxed e-con e-parent\" data-id=\"f025ebe\" data-element_type=\"container\">\n\t\t\t\t\t<div class=\"e-con-inner\">\n\t\t\t\t<div class=\"elementor-element elementor-element-0415de4 elementor-widget elementor-widget-image\" data-id=\"0415de4\" data-element_type=\"widget\" data-widget_type=\"image.default\">\n\t\t\t\t<div class=\"elementor-widget-container\">\n\t\t\t<style>\/*! elementor - v3.21.0 - 26-05-2024 *\/\n.elementor-widget-image{text-align:center}.elementor-widget-image a{display:inline-block}.elementor-widget-image a img[src$=\".svg\"]{width:48px}.elementor-widget-image img{vertical-align:middle;display:inline-block}<\/style>\t\t\t\t\t\t\t\t\t\t<img fetchpriority=\"high\" decoding=\"async\" width=\"768\" height=\"510\" src=\"https:\/\/drluizgustavotorres.com.br\/wp-content\/uploads\/2024\/08\/2024_08_17_08_54_10_Aparelho_Radioterapia_Banco_de_Imagens_e_Fotos_de_Stock_iStock_Mozilla_Firef-768x510.webp\" class=\"attachment-medium_large size-medium_large wp-image-2356\" alt=\"\" srcset=\"https:\/\/drluizgustavotorres.com.br\/wp-content\/uploads\/2024\/08\/2024_08_17_08_54_10_Aparelho_Radioterapia_Banco_de_Imagens_e_Fotos_de_Stock_iStock_Mozilla_Firef-768x510.webp 768w, https:\/\/drluizgustavotorres.com.br\/wp-content\/uploads\/2024\/08\/2024_08_17_08_54_10_Aparelho_Radioterapia_Banco_de_Imagens_e_Fotos_de_Stock_iStock_Mozilla_Firef-300x199.webp 300w, https:\/\/drluizgustavotorres.com.br\/wp-content\/uploads\/2024\/08\/2024_08_17_08_54_10_Aparelho_Radioterapia_Banco_de_Imagens_e_Fotos_de_Stock_iStock_Mozilla_Firef-1024x680.webp 1024w, https:\/\/drluizgustavotorres.com.br\/wp-content\/uploads\/2024\/08\/2024_08_17_08_54_10_Aparelho_Radioterapia_Banco_de_Imagens_e_Fotos_de_Stock_iStock_Mozilla_Firef-18x12.webp 18w, https:\/\/drluizgustavotorres.com.br\/wp-content\/uploads\/2024\/08\/2024_08_17_08_54_10_Aparelho_Radioterapia_Banco_de_Imagens_e_Fotos_de_Stock_iStock_Mozilla_Firef.webp 1130w\" sizes=\"(max-width: 768px) 100vw, 768px\" \/>\t\t\t\t\t\t\t\t\t\t\t\t\t<\/div>\n\t\t\t\t<\/div>\n\t\t\t\t\t<\/div>\n\t\t\t\t<\/div>\n\t\t<div class=\"elementor-element elementor-element-3a384cb e-flex e-con-boxed e-con e-parent\" data-id=\"3a384cb\" data-element_type=\"container\">\n\t\t\t\t\t<div class=\"e-con-inner\">\n\t\t\t\t<div class=\"elementor-element elementor-element-cffbcc3 elementor-widget elementor-widget-heading\" data-id=\"cffbcc3\" data-element_type=\"widget\" data-widget_type=\"heading.default\">\n\t\t\t\t<div class=\"elementor-widget-container\">\n\t\t\t<style>\/*! elementor - v3.21.0 - 26-05-2024 *\/\n.elementor-heading-title{padding:0;margin:0;line-height:1}.elementor-widget-heading .elementor-heading-title[class*=elementor-size-]>a{color:inherit;font-size:inherit;line-height:inherit}.elementor-widget-heading .elementor-heading-title.elementor-size-small{font-size:15px}.elementor-widget-heading .elementor-heading-title.elementor-size-medium{font-size:19px}.elementor-widget-heading .elementor-heading-title.elementor-size-large{font-size:29px}.elementor-widget-heading .elementor-heading-title.elementor-size-xl{font-size:39px}.elementor-widget-heading .elementor-heading-title.elementor-size-xxl{font-size:59px}<\/style><h2 class=\"elementor-heading-title elementor-size-default\">Principais caracter\u00edsticas da Radioterapia no Tratamento do C\u00e2ncer<\/h2>\t\t<\/div>\n\t\t\t\t<\/div>\n\t\t\t\t\t<\/div>\n\t\t\t\t<\/div>\n\t\t<div class=\"elementor-element elementor-element-9b1d037 e-flex e-con-boxed e-con e-parent\" data-id=\"9b1d037\" data-element_type=\"container\">\n\t\t\t\t\t<div class=\"e-con-inner\">\n\t\t\t\t<div class=\"elementor-element elementor-element-b015cc8 elementor-widget elementor-widget-spacer\" data-id=\"b015cc8\" data-element_type=\"widget\" data-widget_type=\"spacer.default\">\n\t\t\t\t<div class=\"elementor-widget-container\">\n\t\t\t<style>\/*! elementor - v3.21.0 - 26-05-2024 *\/\n.elementor-column .elementor-spacer-inner{height:var(--spacer-size)}.e-con{--container-widget-width:100%}.e-con-inner>.elementor-widget-spacer,.e-con>.elementor-widget-spacer{width:var(--container-widget-width,var(--spacer-size));--align-self:var(--container-widget-align-self,initial);--flex-shrink:0}.e-con-inner>.elementor-widget-spacer>.elementor-widget-container,.e-con>.elementor-widget-spacer>.elementor-widget-container{height:100%;width:100%}.e-con-inner>.elementor-widget-spacer>.elementor-widget-container>.elementor-spacer,.e-con>.elementor-widget-spacer>.elementor-widget-container>.elementor-spacer{height:100%}.e-con-inner>.elementor-widget-spacer>.elementor-widget-container>.elementor-spacer>.elementor-spacer-inner,.e-con>.elementor-widget-spacer>.elementor-widget-container>.elementor-spacer>.elementor-spacer-inner{height:var(--container-widget-height,var(--spacer-size))}.e-con-inner>.elementor-widget-spacer.elementor-widget-empty,.e-con>.elementor-widget-spacer.elementor-widget-empty{position:relative;min-height:22px;min-width:22px}.e-con-inner>.elementor-widget-spacer.elementor-widget-empty .elementor-widget-empty-icon,.e-con>.elementor-widget-spacer.elementor-widget-empty .elementor-widget-empty-icon{position:absolute;top:0;bottom:0;left:0;right:0;margin:auto;padding:0;width:22px;height:22px}<\/style>\t\t<div class=\"elementor-spacer\">\n\t\t\t<div class=\"elementor-spacer-inner\"><\/div>\n\t\t<\/div>\n\t\t\t\t<\/div>\n\t\t\t\t<\/div>\n\t\t\t\t<div class=\"elementor-element elementor-element-614a307 elementor-widget elementor-widget-text-editor\" data-id=\"614a307\" data-element_type=\"widget\" data-widget_type=\"text-editor.default\">\n\t\t\t\t<div class=\"elementor-widget-container\">\n\t\t\t<style>\/*! elementor - v3.21.0 - 26-05-2024 *\/\n.elementor-widget-text-editor.elementor-drop-cap-view-stacked .elementor-drop-cap{background-color:#69727d;color:#fff}.elementor-widget-text-editor.elementor-drop-cap-view-framed .elementor-drop-cap{color:#69727d;border:3px solid;background-color:transparent}.elementor-widget-text-editor:not(.elementor-drop-cap-view-default) .elementor-drop-cap{margin-top:8px}.elementor-widget-text-editor:not(.elementor-drop-cap-view-default) .elementor-drop-cap-letter{width:1em;height:1em}.elementor-widget-text-editor .elementor-drop-cap{float:left;text-align:center;line-height:1;font-size:50px}.elementor-widget-text-editor .elementor-drop-cap-letter{display:inline-block}<\/style>\t\t\t\t<p>A radioterapia \u00e9 uma modalidade de tratamento do c\u00e2ncer que utiliza radia\u00e7\u00e3o ionizante para destruir c\u00e9lulas cancer\u00edgenas e reduzir tumores. Ela funciona danificando o DNA das c\u00e9lulas tumorais, impedindo sua capacidade de se dividir e crescer. Esse tratamento \u00e9 especialmente eficaz em destruir c\u00e9lulas que s\u00e3o altamente sens\u00edveis \u00e0 radia\u00e7\u00e3o, como as c\u00e9lulas cancer\u00edgenas, enquanto minimiza o impacto sobre os tecidos normais circundantes. A radioterapia pode ser administrada externamente, por meio de um aparelho que direciona a radia\u00e7\u00e3o para o tumor, ou internamente, com a coloca\u00e7\u00e3o de uma fonte radioativa pr\u00f3xima ao tumor, no que \u00e9 conhecido como braquiterapia.<\/p><p>A radioterapia externa, tamb\u00e9m chamada de radioterapia de feixe externo, \u00e9 a forma mais comum de radioterapia. Utiliza uma m\u00e1quina chamada acelerador linear para emitir radia\u00e7\u00e3o de alta energia que \u00e9 direcionada precisamente para a \u00e1rea do tumor. O tratamento \u00e9 geralmente administrado em sess\u00f5es di\u00e1rias, de segunda a sexta-feira, ao longo de v\u00e1rias semanas, dependendo do tipo e localiza\u00e7\u00e3o do c\u00e2ncer. A precis\u00e3o \u00e9 crucial, e t\u00e9cnicas avan\u00e7adas, como a radioterapia de intensidade modulada (IMRT) e a radioterapia guiada por imagem (IGRT), s\u00e3o usadas para maximizar a dose ao tumor e minimizar a exposi\u00e7\u00e3o aos tecidos saud\u00e1veis.<\/p><p>A braquiterapia, por outro lado, envolve a coloca\u00e7\u00e3o de sementes radioativas ou materiais semelhantes diretamente dentro ou pr\u00f3ximo ao tumor. Esse m\u00e9todo permite uma dose mais concentrada de radia\u00e7\u00e3o na \u00e1rea do tumor, reduzindo a exposi\u00e7\u00e3o aos tecidos normais. A braquiterapia \u00e9 frequentemente usada para c\u00e2nceres como o de pr\u00f3stata, mama e colo do \u00fatero. A vantagem dessa abordagem \u00e9 a capacidade de fornecer uma dose alta de radia\u00e7\u00e3o diretamente no local do c\u00e2ncer, o que pode aumentar a efic\u00e1cia do tratamento e reduzir o n\u00famero de sess\u00f5es necess\u00e1rias.<\/p><p>Embora a radioterapia seja uma ferramenta poderosa no tratamento do c\u00e2ncer, ela n\u00e3o \u00e9 isenta de efeitos colaterais. Dependendo da \u00e1rea tratada, os pacientes podem experimentar efeitos colaterais como fadiga, irrita\u00e7\u00e3o da pele, e problemas no tecido e \u00f3rg\u00e3os pr\u00f3ximos. O planejamento cuidadoso do tratamento e o acompanhamento cont\u00ednuo pelo oncologista s\u00e3o essenciais para gerenciar esses efeitos colaterais e ajustar o tratamento conforme necess\u00e1rio. A radioterapia pode ser usada sozinha ou em combina\u00e7\u00e3o com outras formas de tratamento, como cirurgia e quimioterapia, para oferecer uma abordagem abrangente e eficaz contra o c\u00e2ncer.<\/p>\t\t\t\t\t\t<\/div>\n\t\t\t\t<\/div>\n\t\t\t\t\t<\/div>\n\t\t\t\t<\/div>\n\t\t\t\t<\/div>","protected":false},"excerpt":{"rendered":"<p>Principais caracter\u00edsticas da Radioterapia no Tratamento do C\u00e2ncer A radioterapia \u00e9 uma modalidade de tratamento do c\u00e2ncer que utiliza radia\u00e7\u00e3o ionizante para destruir c\u00e9lulas cancer\u00edgenas e reduzir tumores. Ela funciona danificando o DNA das c\u00e9lulas tumorais, impedindo sua capacidade de se dividir e crescer. Esse tratamento \u00e9 especialmente eficaz em destruir c\u00e9lulas que s\u00e3o altamente [&hellip;]<\/p>","protected":false},"author":2,"featured_media":0,"parent":0,"menu_order":0,"comment_status":"closed","ping_status":"closed","template":"elementor_header_footer","meta":{"_monsterinsights_skip_tracking":false,"_monsterinsights_sitenote_active":false,"_monsterinsights_sitenote_note":"","_monsterinsights_sitenote_category":0,"cybocfi_hide_featured_image":"","footnotes":""},"blocksy_meta":[],"aioseo_notices":[],"_links":{"self":[{"href":"https:\/\/drluizgustavotorres.com.br\/pt\/wp-json\/wp\/v2\/pages\/1707"}],"collection":[{"href":"https:\/\/drluizgustavotorres.com.br\/pt\/wp-json\/wp\/v2\/pages"}],"about":[{"href":"https:\/\/drluizgustavotorres.com.br\/pt\/wp-json\/wp\/v2\/types\/page"}],"author":[{"embeddable":true,"href":"https:\/\/drluizgustavotorres.com.br\/pt\/wp-json\/wp\/v2\/users\/2"}],"replies":[{"embeddable":true,"href":"https:\/\/drluizgustavotorres.com.br\/pt\/wp-json\/wp\/v2\/comments?post=1707"}],"version-history":[{"count":19,"href":"https:\/\/drluizgustavotorres.com.br\/pt\/wp-json\/wp\/v2\/pages\/1707\/revisions"}],"predecessor-version":[{"id":3245,"href":"https:\/\/drluizgustavotorres.com.br\/pt\/wp-json\/wp\/v2\/pages\/1707\/revisions\/3245"}],"wp:attachment":[{"href":"https:\/\/drluizgustavotorres.com.br\/pt\/wp-json\/wp\/v2\/media?parent=1707"}],"curies":[{"name":"wp","href":"https:\/\/api.w.org\/{rel}","templated":true}]}}