{"id":1709,"date":"2024-08-13T19:08:57","date_gmt":"2024-08-13T22:08:57","guid":{"rendered":"https:\/\/drluizgustavotorres.com.br\/?page_id=1709"},"modified":"2024-08-23T13:11:01","modified_gmt":"2024-08-23T16:11:01","slug":"medicina-de-precisao","status":"publish","type":"page","link":"https:\/\/drluizgustavotorres.com.br\/pt\/medicina-de-precisao\/","title":{"rendered":"Medicina de Precis\u00e3o"},"content":{"rendered":"<div data-elementor-type=\"wp-page\" data-elementor-id=\"1709\" class=\"elementor elementor-1709\">\n\t\t\t\t<div class=\"elementor-element elementor-element-50975cb e-flex e-con-boxed e-con e-parent\" data-id=\"50975cb\" data-element_type=\"container\">\n\t\t\t\t\t<div class=\"e-con-inner\">\n\t\t\t\t<div class=\"elementor-element elementor-element-3b6276d elementor-widget elementor-widget-image\" data-id=\"3b6276d\" data-element_type=\"widget\" data-widget_type=\"image.default\">\n\t\t\t\t<div class=\"elementor-widget-container\">\n\t\t\t<style>\/*! elementor - v3.21.0 - 26-05-2024 *\/\n.elementor-widget-image{text-align:center}.elementor-widget-image a{display:inline-block}.elementor-widget-image a img[src$=\".svg\"]{width:48px}.elementor-widget-image img{vertical-align:middle;display:inline-block}<\/style>\t\t\t\t\t\t\t\t\t\t<img fetchpriority=\"high\" decoding=\"async\" width=\"1024\" height=\"663\" src=\"https:\/\/drluizgustavotorres.com.br\/wp-content\/uploads\/2024\/08\/Oncotype-DX-1024x663.webp\" class=\"attachment-large size-large wp-image-2225\" alt=\"\" srcset=\"https:\/\/drluizgustavotorres.com.br\/wp-content\/uploads\/2024\/08\/Oncotype-DX-1024x663.webp 1024w, https:\/\/drluizgustavotorres.com.br\/wp-content\/uploads\/2024\/08\/Oncotype-DX-300x194.webp 300w, https:\/\/drluizgustavotorres.com.br\/wp-content\/uploads\/2024\/08\/Oncotype-DX-768x497.webp 768w, https:\/\/drluizgustavotorres.com.br\/wp-content\/uploads\/2024\/08\/Oncotype-DX-18x12.webp 18w, https:\/\/drluizgustavotorres.com.br\/wp-content\/uploads\/2024\/08\/Oncotype-DX.webp 1081w\" sizes=\"(max-width: 1024px) 100vw, 1024px\" \/>\t\t\t\t\t\t\t\t\t\t\t\t\t<\/div>\n\t\t\t\t<\/div>\n\t\t\t\t\t<\/div>\n\t\t\t\t<\/div>\n\t\t<div class=\"elementor-element elementor-element-94dc187 e-flex e-con-boxed e-con e-parent\" data-id=\"94dc187\" data-element_type=\"container\">\n\t\t\t\t\t<div class=\"e-con-inner\">\n\t\t\t\t<div class=\"elementor-element elementor-element-3e242f9 elementor-widget elementor-widget-heading\" data-id=\"3e242f9\" data-element_type=\"widget\" data-widget_type=\"heading.default\">\n\t\t\t\t<div class=\"elementor-widget-container\">\n\t\t\t<style>\/*! elementor - v3.21.0 - 26-05-2024 *\/\n.elementor-heading-title{padding:0;margin:0;line-height:1}.elementor-widget-heading .elementor-heading-title[class*=elementor-size-]>a{color:inherit;font-size:inherit;line-height:inherit}.elementor-widget-heading .elementor-heading-title.elementor-size-small{font-size:15px}.elementor-widget-heading .elementor-heading-title.elementor-size-medium{font-size:19px}.elementor-widget-heading .elementor-heading-title.elementor-size-large{font-size:29px}.elementor-widget-heading .elementor-heading-title.elementor-size-xl{font-size:39px}.elementor-widget-heading .elementor-heading-title.elementor-size-xxl{font-size:59px}<\/style><h2 class=\"elementor-heading-title elementor-size-default\">Medicina de Precis\u00e3o: Principais Caracter\u00edsticas<\/h2>\t\t<\/div>\n\t\t\t\t<\/div>\n\t\t\t\t<div class=\"elementor-element elementor-element-7a05ccb elementor-widget elementor-widget-spacer\" data-id=\"7a05ccb\" data-element_type=\"widget\" data-widget_type=\"spacer.default\">\n\t\t\t\t<div class=\"elementor-widget-container\">\n\t\t\t<style>\/*! elementor - v3.21.0 - 26-05-2024 *\/\n.elementor-column .elementor-spacer-inner{height:var(--spacer-size)}.e-con{--container-widget-width:100%}.e-con-inner>.elementor-widget-spacer,.e-con>.elementor-widget-spacer{width:var(--container-widget-width,var(--spacer-size));--align-self:var(--container-widget-align-self,initial);--flex-shrink:0}.e-con-inner>.elementor-widget-spacer>.elementor-widget-container,.e-con>.elementor-widget-spacer>.elementor-widget-container{height:100%;width:100%}.e-con-inner>.elementor-widget-spacer>.elementor-widget-container>.elementor-spacer,.e-con>.elementor-widget-spacer>.elementor-widget-container>.elementor-spacer{height:100%}.e-con-inner>.elementor-widget-spacer>.elementor-widget-container>.elementor-spacer>.elementor-spacer-inner,.e-con>.elementor-widget-spacer>.elementor-widget-container>.elementor-spacer>.elementor-spacer-inner{height:var(--container-widget-height,var(--spacer-size))}.e-con-inner>.elementor-widget-spacer.elementor-widget-empty,.e-con>.elementor-widget-spacer.elementor-widget-empty{position:relative;min-height:22px;min-width:22px}.e-con-inner>.elementor-widget-spacer.elementor-widget-empty .elementor-widget-empty-icon,.e-con>.elementor-widget-spacer.elementor-widget-empty .elementor-widget-empty-icon{position:absolute;top:0;bottom:0;left:0;right:0;margin:auto;padding:0;width:22px;height:22px}<\/style>\t\t<div class=\"elementor-spacer\">\n\t\t\t<div class=\"elementor-spacer-inner\"><\/div>\n\t\t<\/div>\n\t\t\t\t<\/div>\n\t\t\t\t<\/div>\n\t\t\t\t\t<\/div>\n\t\t\t\t<\/div>\n\t\t<div class=\"elementor-element elementor-element-a34b65f e-flex e-con-boxed e-con e-parent\" data-id=\"a34b65f\" data-element_type=\"container\">\n\t\t\t\t\t<div class=\"e-con-inner\">\n\t\t\t\t<div class=\"elementor-element elementor-element-7488d03 elementor-widget elementor-widget-text-editor\" data-id=\"7488d03\" data-element_type=\"widget\" data-widget_type=\"text-editor.default\">\n\t\t\t\t<div class=\"elementor-widget-container\">\n\t\t\t<style>\/*! elementor - v3.21.0 - 26-05-2024 *\/\n.elementor-widget-text-editor.elementor-drop-cap-view-stacked .elementor-drop-cap{background-color:#69727d;color:#fff}.elementor-widget-text-editor.elementor-drop-cap-view-framed .elementor-drop-cap{color:#69727d;border:3px solid;background-color:transparent}.elementor-widget-text-editor:not(.elementor-drop-cap-view-default) .elementor-drop-cap{margin-top:8px}.elementor-widget-text-editor:not(.elementor-drop-cap-view-default) .elementor-drop-cap-letter{width:1em;height:1em}.elementor-widget-text-editor .elementor-drop-cap{float:left;text-align:center;line-height:1;font-size:50px}.elementor-widget-text-editor .elementor-drop-cap-letter{display:inline-block}<\/style>\t\t\t\t<p>A medicina de precis\u00e3o, tamb\u00e9m conhecida como medicina personalizada, \u00e9 uma abordagem inovadora no tratamento do c\u00e2ncer que se baseia na an\u00e1lise detalhada das caracter\u00edsticas gen\u00e9ticas e moleculares dos tumores e do paciente. Em vez de aplicar um tratamento padronizado para todos os pacientes com um tipo espec\u00edfico de c\u00e2ncer, a medicina de precis\u00e3o busca adaptar as terapias \u00e0s particularidades individuais de cada paciente. Isso inclui a an\u00e1lise do perfil gen\u00e9tico do tumor para identificar muta\u00e7\u00f5es e altera\u00e7\u00f5es que possam estar impulsionando o crescimento do c\u00e2ncer, permitindo uma abordagem mais direcionada e eficaz no tratamento.<\/p><p>Uma das principais ferramentas da medicina de precis\u00e3o \u00e9 o sequenciamento gen\u00e9tico, que permite a identifica\u00e7\u00e3o de muta\u00e7\u00f5es espec\u00edficas no DNA das c\u00e9lulas cancer\u00edgenas. Essas informa\u00e7\u00f5es podem revelar quais prote\u00ednas ou vias metab\u00f3licas est\u00e3o alteradas no tumor, ajudando os oncologistas a escolher terapias que visem especificamente essas altera\u00e7\u00f5es. Por exemplo, alguns medicamentos, chamados inibidores de tirosina quinase, s\u00e3o projetados para bloquear as prote\u00ednas alteradas que promovem o crescimento do c\u00e2ncer em determinadas muta\u00e7\u00f5es gen\u00e9ticas, oferecendo uma abordagem mais focada em compara\u00e7\u00e3o com a quimioterapia tradicional.<\/p><p>Al\u00e9m de personalizar o tratamento com base nas caracter\u00edsticas gen\u00e9ticas do tumor, a medicina de precis\u00e3o tamb\u00e9m considera fatores individuais do paciente, como suas condi\u00e7\u00f5es de sa\u00fade gerais e caracter\u00edsticas biol\u00f3gicas \u00fanicas. Isso pode incluir a avalia\u00e7\u00e3o da resposta imunol\u00f3gica do paciente e a adapta\u00e7\u00e3o do tratamento para minimizar efeitos colaterais e melhorar a efic\u00e1cia. A medicina de precis\u00e3o pode combinar v\u00e1rias estrat\u00e9gias, incluindo terapia-alvo, imunoterapia e outras abordagens, para criar um plano de tratamento integrado que se ajuste \u00e0s necessidades espec\u00edficas de cada paciente.<\/p><p>Embora a medicina de precis\u00e3o represente um avan\u00e7o significativo no tratamento do c\u00e2ncer, sua implementa\u00e7\u00e3o exige acesso a tecnologias avan\u00e7adas e a uma equipe de especialistas treinados para interpretar os dados gen\u00e9ticos e moleculares. A disponibilidade de testes gen\u00e9ticos e biomarcadores tamb\u00e9m pode variar, e o custo associado \u00e0 medicina de precis\u00e3o pode ser uma considera\u00e7\u00e3o importante. No entanto, \u00e0 medida que a pesquisa continua a avan\u00e7ar e mais op\u00e7\u00f5es de tratamento se tornam dispon\u00edveis, a medicina de precis\u00e3o promete transformar a forma como o c\u00e2ncer \u00e9 tratado, oferecendo abordagens mais personalizadas e potencialmente mais eficazes para os pacientes.<\/p>\t\t\t\t\t\t<\/div>\n\t\t\t\t<\/div>\n\t\t\t\t\t<\/div>\n\t\t\t\t<\/div>\n\t\t\t\t<\/div>","protected":false},"excerpt":{"rendered":"<p>Medicina de Precis\u00e3o: Principais Caracter\u00edsticas A medicina de precis\u00e3o, tamb\u00e9m conhecida como medicina personalizada, \u00e9 uma abordagem inovadora no tratamento do c\u00e2ncer que se baseia na an\u00e1lise detalhada das caracter\u00edsticas gen\u00e9ticas e moleculares dos tumores e do paciente. Em vez de aplicar um tratamento padronizado para todos os pacientes com um tipo espec\u00edfico de c\u00e2ncer, [&hellip;]<\/p>","protected":false},"author":2,"featured_media":2225,"parent":0,"menu_order":0,"comment_status":"closed","ping_status":"closed","template":"","meta":{"_monsterinsights_skip_tracking":false,"_monsterinsights_sitenote_active":false,"_monsterinsights_sitenote_note":"","_monsterinsights_sitenote_category":0,"cybocfi_hide_featured_image":"","footnotes":""},"blocksy_meta":[],"aioseo_notices":[],"_links":{"self":[{"href":"https:\/\/drluizgustavotorres.com.br\/pt\/wp-json\/wp\/v2\/pages\/1709"}],"collection":[{"href":"https:\/\/drluizgustavotorres.com.br\/pt\/wp-json\/wp\/v2\/pages"}],"about":[{"href":"https:\/\/drluizgustavotorres.com.br\/pt\/wp-json\/wp\/v2\/types\/page"}],"author":[{"embeddable":true,"href":"https:\/\/drluizgustavotorres.com.br\/pt\/wp-json\/wp\/v2\/users\/2"}],"replies":[{"embeddable":true,"href":"https:\/\/drluizgustavotorres.com.br\/pt\/wp-json\/wp\/v2\/comments?post=1709"}],"version-history":[{"count":21,"href":"https:\/\/drluizgustavotorres.com.br\/pt\/wp-json\/wp\/v2\/pages\/1709\/revisions"}],"predecessor-version":[{"id":3239,"href":"https:\/\/drluizgustavotorres.com.br\/pt\/wp-json\/wp\/v2\/pages\/1709\/revisions\/3239"}],"wp:featuredmedia":[{"embeddable":true,"href":"https:\/\/drluizgustavotorres.com.br\/pt\/wp-json\/wp\/v2\/media\/2225"}],"wp:attachment":[{"href":"https:\/\/drluizgustavotorres.com.br\/pt\/wp-json\/wp\/v2\/media?parent=1709"}],"curies":[{"name":"wp","href":"https:\/\/api.w.org\/{rel}","templated":true}]}}