{"id":1711,"date":"2024-08-13T19:09:55","date_gmt":"2024-08-13T22:09:55","guid":{"rendered":"https:\/\/drluizgustavotorres.com.br\/?page_id=1711"},"modified":"2024-08-23T13:10:14","modified_gmt":"2024-08-23T16:10:14","slug":"imunoterapia","status":"publish","type":"page","link":"https:\/\/drluizgustavotorres.com.br\/pt\/imunoterapia\/","title":{"rendered":"imunoterapia"},"content":{"rendered":"<div data-elementor-type=\"wp-page\" data-elementor-id=\"1711\" class=\"elementor elementor-1711\">\n\t\t\t\t<div class=\"elementor-element elementor-element-d69e19d e-flex e-con-boxed e-con e-parent\" data-id=\"d69e19d\" data-element_type=\"container\">\n\t\t\t\t\t<div class=\"e-con-inner\">\n\t\t<div class=\"elementor-element elementor-element-8e47ea9 e-flex e-con-boxed e-con e-child\" data-id=\"8e47ea9\" data-element_type=\"container\">\n\t\t\t\t\t<div class=\"e-con-inner\">\n\t\t\t\t<div class=\"elementor-element elementor-element-7901b42 elementor-widget elementor-widget-image\" data-id=\"7901b42\" data-element_type=\"widget\" data-widget_type=\"image.default\">\n\t\t\t\t<div class=\"elementor-widget-container\">\n\t\t\t<style>\/*! elementor - v3.21.0 - 26-05-2024 *\/\n.elementor-widget-image{text-align:center}.elementor-widget-image a{display:inline-block}.elementor-widget-image a img[src$=\".svg\"]{width:48px}.elementor-widget-image img{vertical-align:middle;display:inline-block}<\/style>\t\t\t\t\t\t\t\t\t\t<img fetchpriority=\"high\" decoding=\"async\" width=\"768\" height=\"520\" src=\"https:\/\/drluizgustavotorres.com.br\/wp-content\/uploads\/2024\/08\/Imonoterapia-2-768x520.webp\" class=\"attachment-medium_large size-medium_large wp-image-2371\" alt=\"\" srcset=\"https:\/\/drluizgustavotorres.com.br\/wp-content\/uploads\/2024\/08\/Imonoterapia-2-768x520.webp 768w, https:\/\/drluizgustavotorres.com.br\/wp-content\/uploads\/2024\/08\/Imonoterapia-2-300x203.webp 300w, https:\/\/drluizgustavotorres.com.br\/wp-content\/uploads\/2024\/08\/Imonoterapia-2-1024x693.webp 1024w, https:\/\/drluizgustavotorres.com.br\/wp-content\/uploads\/2024\/08\/Imonoterapia-2-18x12.webp 18w, https:\/\/drluizgustavotorres.com.br\/wp-content\/uploads\/2024\/08\/Imonoterapia-2.webp 1108w\" sizes=\"(max-width: 768px) 100vw, 768px\" \/>\t\t\t\t\t\t\t\t\t\t\t\t\t<\/div>\n\t\t\t\t<\/div>\n\t\t\t\t<div class=\"elementor-element elementor-element-c927735 elementor-widget elementor-widget-heading\" data-id=\"c927735\" data-element_type=\"widget\" data-widget_type=\"heading.default\">\n\t\t\t\t<div class=\"elementor-widget-container\">\n\t\t\t<style>\/*! elementor - v3.21.0 - 26-05-2024 *\/\n.elementor-heading-title{padding:0;margin:0;line-height:1}.elementor-widget-heading .elementor-heading-title[class*=elementor-size-]>a{color:inherit;font-size:inherit;line-height:inherit}.elementor-widget-heading .elementor-heading-title.elementor-size-small{font-size:15px}.elementor-widget-heading .elementor-heading-title.elementor-size-medium{font-size:19px}.elementor-widget-heading .elementor-heading-title.elementor-size-large{font-size:29px}.elementor-widget-heading .elementor-heading-title.elementor-size-xl{font-size:39px}.elementor-widget-heading .elementor-heading-title.elementor-size-xxl{font-size:59px}<\/style><h2 class=\"elementor-heading-title elementor-size-default\">Imunoterapia: Principais caracter\u00edsticas<\/h2>\t\t<\/div>\n\t\t\t\t<\/div>\n\t\t<div class=\"elementor-element elementor-element-24a747b e-flex e-con-boxed e-con e-child\" data-id=\"24a747b\" data-element_type=\"container\">\n\t\t\t\t\t<div class=\"e-con-inner\">\n\t\t\t\t<div class=\"elementor-element elementor-element-89c0050 elementor-widget elementor-widget-text-editor\" data-id=\"89c0050\" data-element_type=\"widget\" data-widget_type=\"text-editor.default\">\n\t\t\t\t<div class=\"elementor-widget-container\">\n\t\t\t<style>\/*! elementor - v3.21.0 - 26-05-2024 *\/\n.elementor-widget-text-editor.elementor-drop-cap-view-stacked .elementor-drop-cap{background-color:#69727d;color:#fff}.elementor-widget-text-editor.elementor-drop-cap-view-framed .elementor-drop-cap{color:#69727d;border:3px solid;background-color:transparent}.elementor-widget-text-editor:not(.elementor-drop-cap-view-default) .elementor-drop-cap{margin-top:8px}.elementor-widget-text-editor:not(.elementor-drop-cap-view-default) .elementor-drop-cap-letter{width:1em;height:1em}.elementor-widget-text-editor .elementor-drop-cap{float:left;text-align:center;line-height:1;font-size:50px}.elementor-widget-text-editor .elementor-drop-cap-letter{display:inline-block}<\/style>\t\t\t\t<p>A imunoterapia \u00e9 uma abordagem inovadora no tratamento do c\u00e2ncer que visa estimular e fortalecer o sistema imunol\u00f3gico do paciente para que ele possa identificar e destruir c\u00e9lulas cancer\u00edgenas. Diferente de tratamentos tradicionais como a quimioterapia e a radioterapia, que atacam diretamente as c\u00e9lulas cancer\u00edgenas, a imunoterapia trabalha ao melhorar a capacidade do sistema imunol\u00f3gico para combater o c\u00e2ncer. Ela pode ser administrada de v\u00e1rias formas, incluindo anticorpos monoclonais, vacinas terap\u00eauticas, e inibidores de checkpoint imunol\u00f3gico, cada uma com mecanismos espec\u00edficos para potencializar a resposta imunol\u00f3gica contra as c\u00e9lulas tumorais.<\/p><p>Os anticorpos monoclonais s\u00e3o prote\u00ednas projetadas para se ligar a ant\u00edgenos espec\u00edficos presentes na superf\u00edcie das c\u00e9lulas cancer\u00edgenas, marcando-as para destrui\u00e7\u00e3o pelo sistema imunol\u00f3gico. Esses anticorpos podem ser usados sozinhos ou em combina\u00e7\u00e3o com outras terapias para melhorar a efic\u00e1cia do tratamento. Al\u00e9m disso, as vacinas terap\u00eauticas s\u00e3o desenvolvidas para estimular o sistema imunol\u00f3gico a atacar ant\u00edgenos espec\u00edficos associados ao c\u00e2ncer, ajudando o corpo a reconhecer e destruir as c\u00e9lulas cancer\u00edgenas de forma mais eficiente.<\/p><p>Outra classe importante de imunoterapia s\u00e3o os inibidores de checkpoint imunol\u00f3gico, que bloqueiam as prote\u00ednas que normalmente limitam a resposta imunol\u00f3gica para que o sistema imunol\u00f3gico possa atacar as c\u00e9lulas cancer\u00edgenas mais efetivamente. Os inibidores de checkpoint imunol\u00f3gico t\u00eam demonstrado sucesso significativo no tratamento de v\u00e1rios tipos de c\u00e2ncer, como melanoma e c\u00e2ncer de pulm\u00e3o, ao reverter a inibi\u00e7\u00e3o da resposta imune e promover uma rea\u00e7\u00e3o mais robusta contra o tumor.<\/p><p>Embora a imunoterapia tenha mostrado avan\u00e7os promissores e oferecido novas esperan\u00e7as para pacientes com c\u00e2ncer, ela n\u00e3o \u00e9 isenta de efeitos colaterais. Estes podem incluir rea\u00e7\u00f5es autoimunes, onde o sistema imunol\u00f3gico ataca tecidos saud\u00e1veis, causando inflama\u00e7\u00f5es e outros problemas. A efic\u00e1cia e a seguran\u00e7a da imunoterapia s\u00e3o constantemente avaliadas em ensaios cl\u00ednicos, e seu uso \u00e9 cuidadosamente monitorado pelos oncologistas para garantir a melhor resposta poss\u00edvel e minimizar os riscos para os pacientes. A evolu\u00e7\u00e3o cont\u00ednua neste campo promete novas terapias e abordagens que podem transformar a forma como o c\u00e2ncer \u00e9 tratado no futuro.<\/p>\t\t\t\t\t\t<\/div>\n\t\t\t\t<\/div>\n\t\t\t\t\t<\/div>\n\t\t\t\t<\/div>\n\t\t\t\t\t<\/div>\n\t\t\t\t<\/div>\n\t\t\t\t\t<\/div>\n\t\t\t\t<\/div>\n\t\t\t\t<\/div>","protected":false},"excerpt":{"rendered":"<p>Imunoterapia: Principais caracter\u00edsticas A imunoterapia \u00e9 uma abordagem inovadora no tratamento do c\u00e2ncer que visa estimular e fortalecer o sistema imunol\u00f3gico do paciente para que ele possa identificar e destruir c\u00e9lulas cancer\u00edgenas. Diferente de tratamentos tradicionais como a quimioterapia e a radioterapia, que atacam diretamente as c\u00e9lulas cancer\u00edgenas, a imunoterapia trabalha ao melhorar a capacidade [&hellip;]<\/p>","protected":false},"author":2,"featured_media":0,"parent":0,"menu_order":0,"comment_status":"closed","ping_status":"closed","template":"elementor_header_footer","meta":{"_monsterinsights_skip_tracking":false,"_monsterinsights_sitenote_active":false,"_monsterinsights_sitenote_note":"","_monsterinsights_sitenote_category":0,"cybocfi_hide_featured_image":"","footnotes":""},"blocksy_meta":[],"aioseo_notices":[],"_links":{"self":[{"href":"https:\/\/drluizgustavotorres.com.br\/pt\/wp-json\/wp\/v2\/pages\/1711"}],"collection":[{"href":"https:\/\/drluizgustavotorres.com.br\/pt\/wp-json\/wp\/v2\/pages"}],"about":[{"href":"https:\/\/drluizgustavotorres.com.br\/pt\/wp-json\/wp\/v2\/types\/page"}],"author":[{"embeddable":true,"href":"https:\/\/drluizgustavotorres.com.br\/pt\/wp-json\/wp\/v2\/users\/2"}],"replies":[{"embeddable":true,"href":"https:\/\/drluizgustavotorres.com.br\/pt\/wp-json\/wp\/v2\/comments?post=1711"}],"version-history":[{"count":21,"href":"https:\/\/drluizgustavotorres.com.br\/pt\/wp-json\/wp\/v2\/pages\/1711\/revisions"}],"predecessor-version":[{"id":3236,"href":"https:\/\/drluizgustavotorres.com.br\/pt\/wp-json\/wp\/v2\/pages\/1711\/revisions\/3236"}],"wp:attachment":[{"href":"https:\/\/drluizgustavotorres.com.br\/pt\/wp-json\/wp\/v2\/media?parent=1711"}],"curies":[{"name":"wp","href":"https:\/\/api.w.org\/{rel}","templated":true}]}}